{"id":3155,"date":"2026-01-05T16:18:19","date_gmt":"2026-01-05T15:18:19","guid":{"rendered":"https:\/\/www.moescha.de\/distributeur-pivotant-votre-avantage\/"},"modified":"2026-01-05T16:44:21","modified_gmt":"2026-01-05T15:44:21","slug":"distributeur-pivotant-votre-avantage","status":"publish","type":"page","link":"https:\/\/www.moescha.de\/fr\/distributeur-pivotant-votre-avantage\/","title":{"rendered":"Distributeur pivotant Votre avantage"},"content":{"rendered":"\t\t<div data-elementor-type=\"wp-page\" data-elementor-id=\"3155\" class=\"elementor elementor-3155 elementor-3142\" data-elementor-settings=\"{&quot;element_pack_global_tooltip_width&quot;:{&quot;unit&quot;:&quot;px&quot;,&quot;size&quot;:&quot;&quot;,&quot;sizes&quot;:[]},&quot;element_pack_global_tooltip_width_tablet&quot;:{&quot;unit&quot;:&quot;px&quot;,&quot;size&quot;:&quot;&quot;,&quot;sizes&quot;:[]},&quot;element_pack_global_tooltip_width_mobile&quot;:{&quot;unit&quot;:&quot;px&quot;,&quot;size&quot;:&quot;&quot;,&quot;sizes&quot;:[]},&quot;element_pack_global_tooltip_padding&quot;:{&quot;unit&quot;:&quot;px&quot;,&quot;top&quot;:&quot;&quot;,&quot;right&quot;:&quot;&quot;,&quot;bottom&quot;:&quot;&quot;,&quot;left&quot;:&quot;&quot;,&quot;isLinked&quot;:true},&quot;element_pack_global_tooltip_padding_tablet&quot;:{&quot;unit&quot;:&quot;px&quot;,&quot;top&quot;:&quot;&quot;,&quot;right&quot;:&quot;&quot;,&quot;bottom&quot;:&quot;&quot;,&quot;left&quot;:&quot;&quot;,&quot;isLinked&quot;:true},&quot;element_pack_global_tooltip_padding_mobile&quot;:{&quot;unit&quot;:&quot;px&quot;,&quot;top&quot;:&quot;&quot;,&quot;right&quot;:&quot;&quot;,&quot;bottom&quot;:&quot;&quot;,&quot;left&quot;:&quot;&quot;,&quot;isLinked&quot;:true},&quot;element_pack_global_tooltip_border_radius&quot;:{&quot;unit&quot;:&quot;px&quot;,&quot;top&quot;:&quot;&quot;,&quot;right&quot;:&quot;&quot;,&quot;bottom&quot;:&quot;&quot;,&quot;left&quot;:&quot;&quot;,&quot;isLinked&quot;:true},&quot;element_pack_global_tooltip_border_radius_tablet&quot;:{&quot;unit&quot;:&quot;px&quot;,&quot;top&quot;:&quot;&quot;,&quot;right&quot;:&quot;&quot;,&quot;bottom&quot;:&quot;&quot;,&quot;left&quot;:&quot;&quot;,&quot;isLinked&quot;:true},&quot;element_pack_global_tooltip_border_radius_mobile&quot;:{&quot;unit&quot;:&quot;px&quot;,&quot;top&quot;:&quot;&quot;,&quot;right&quot;:&quot;&quot;,&quot;bottom&quot;:&quot;&quot;,&quot;left&quot;:&quot;&quot;,&quot;isLinked&quot;:true}}\" data-elementor-post-type=\"page\">\n\t\t\t\t<div class=\"elementor-element elementor-element-973f13d e-flex e-con-boxed e-con e-child\" data-id=\"973f13d\" data-element_type=\"container\" data-e-type=\"container\">\n\t\t\t\t\t<div class=\"e-con-inner\">\n\t\t<div class=\"elementor-element elementor-element-8899038 e-con-full e-flex e-con e-child\" data-id=\"8899038\" data-element_type=\"container\" data-e-type=\"container\" data-settings=\"{&quot;background_background&quot;:&quot;classic&quot;}\">\n\t\t<div class=\"elementor-element elementor-element-92c7d29 e-con-full e-flex e-con e-child\" data-id=\"92c7d29\" data-element_type=\"container\" data-e-type=\"container\">\n\t\t\t\t<div class=\"elementor-element elementor-element-7fefb85 elementor-widget elementor-widget-heading\" data-id=\"7fefb85\" data-element_type=\"widget\" data-e-type=\"widget\" data-widget_type=\"heading.default\">\n\t\t\t\t\t<h2 class=\"elementor-heading-title elementor-size-default\">Distributeur pivotant Votre avantage <\/h2>\t\t\t\t<\/div>\n\t\t\t\t<div class=\"elementor-element elementor-element-eca4f22 elementor-widget elementor-widget-text-editor\" data-id=\"eca4f22\" data-element_type=\"widget\" data-e-type=\"widget\" data-widget_type=\"text-editor.default\">\n\t\t\t\t\t\t\t\t\t<p data-start=\"135\" data-end=\"215\"><strong data-start=\"139\" data-end=\"215\">Pourquoi minimiser les pertes d&rsquo;azote lors de l&rsquo;\u00e9pandage de lisier ?<\/strong><\/p><ul data-start=\"217\" data-end=\"455\"><li data-start=\"217\" data-end=\"261\"><p data-start=\"219\" data-end=\"261\">Les pertes d&rsquo;azote sont nocives pour l&rsquo;environnement.<\/p><\/li><li data-start=\"262\" data-end=\"455\"><p data-start=\"264\" data-end=\"455\">Les pertes d&rsquo;azote sont co\u00fbteuses : elles augmentent les besoins en engrais chimiques (le lisier de bovins contient par exemple environ 3,5 kg d&rsquo;azote par m\u00e8tre cube, ce qui correspond \u00e0 une valeur d&rsquo;environ 6,00 \u20ac par m\u00e8tre cube).<\/p><\/li><\/ul><p data-start=\"462\" data-end=\"519\"><strong data-start=\"466\" data-end=\"519\">De quoi d\u00e9pendent principalement les pertes d&rsquo;azote ?<\/strong><\/p><p data-start=\"521\" data-end=\"799\">La plupart des agriculteurs pensent que la plus grande perte d&rsquo;azote se produit lors de l&rsquo;\u00e9pandage du lisier, lorsque celui-ci est projet\u00e9 dans les airs. En r\u00e9alit\u00e9, l&rsquo;\u00e9vaporation a principalement lieu entre l&rsquo;\u00e9pandage et l&rsquo;infiltration\/l&rsquo;incorporation du lisier.<\/p><p data-start=\"801\" data-end=\"1437\">Un objectif important lors de l&rsquo;\u00e9pandage du lisier est donc de ralentir l&rsquo;\u00e9vaporation. Pour cela, il convient d&rsquo;une part de choisir un moment propice pour l&rsquo;\u00e9pandage du lisier (id\u00e9alement : temp\u00e9ratures basses, peu de vent, juste avant les pr\u00e9cipitations\/l&rsquo;incorporation). D&rsquo;autre part, il faut \u00e9galement utiliser une technique appropri\u00e9e. La technique la plus connue et la plus efficace pour cela consiste \u00e0 \u00e9pandre le lisier \u00e0 l&rsquo;aide de tuyaux tra\u00eenants. La surface du lisier est ainsi fortement r\u00e9duite et le processus d&rsquo;\u00e9vaporation consid\u00e9rablement ralenti. Un aspect souvent n\u00e9glig\u00e9, mais tr\u00e8s efficace, peut \u00e9galement \u00eatre obtenu avec le distributeur pivotant M\u00d6SCHA.<\/p><p data-start=\"1444\" data-end=\"1524\"><strong data-start=\"1448\" data-end=\"1524\">Comment le distributeur pivotant M\u00d6SCHA contribue-t-il \u00e0 minimiser les pertes d&rsquo;azote ?<\/strong><\/p><p data-start=\"1526\" data-end=\"1786\">Gr\u00e2ce \u00e0 la forme g\u00e9om\u00e9trique de la t\u00eate pivotante et \u00e0 la d\u00e9viation de la quasi-totalit\u00e9 du jet de lisier, le distributeur pivotant brevet\u00e9 par M\u00d6SCHA forme de tr\u00e8s grosses gouttes. Plus les gouttes sont grosses, mieux l&rsquo;azote est prot\u00e9g\u00e9 contre l&rsquo;\u00e9vaporation.<\/p>\t\t\t\t\t\t\t\t<\/div>\n\t\t\t\t<\/div>\n\t\t<div class=\"elementor-element elementor-element-fd75c9b e-con-full e-flex e-con e-child\" data-id=\"fd75c9b\" data-element_type=\"container\" data-e-type=\"container\">\n\t\t\t\t<div class=\"elementor-element elementor-element-de05440 elementor-widget elementor-widget-text-editor\" data-id=\"de05440\" data-element_type=\"widget\" data-e-type=\"widget\" data-widget_type=\"text-editor.default\">\n\t\t\t\t\t\t\t\t\t<p style=\"text-align: left;\"><strong>Il en r\u00e9sulte que: <\/strong>avec des gouttes deux fois plus grosses, la surface de goutte par contenu est r\u00e9duite de moiti\u00e9, ce qui entra\u00eene une \u00e9vaporation nettement moindre de l&rsquo;azote.<\/p><p style=\"text-align: left;\" data-start=\"2398\" data-end=\"2419\"><strong data-start=\"2402\" data-end=\"2419\">Il en r\u00e9sulte<\/strong> <strong data-start=\"2421\" data-end=\"2558\">que lorsque les gouttes sont deux fois plus grosses, leur surface est r\u00e9duite de moiti\u00e9 par rapport \u00e0 leur contenu, ce qui entra\u00eene une \u00e9vaporation nettement moindre de l&rsquo;azote.<\/strong><\/p><p style=\"text-align: left;\" data-start=\"2560\" data-end=\"2688\">Pour que le lisier tombe en grosses gouttes sur le sol, sa vitesse d&rsquo;impact ne doit pas \u00eatre trop \u00e9lev\u00e9e.<\/p><p style=\"text-align: left;\" data-start=\"2690\" data-end=\"2789\">Le graphique suivant illustre clairement ce ph\u00e9nom\u00e8ne : (hauteur de chute 3 cm, 30 cm, 60 cm \u2192 diam\u00e8tre d&rsquo;impact croissant)<\/p><p style=\"text-align: left;\" data-start=\"2796\" data-end=\"2919\">Beim M\u00d6SCHA-Schwenkverteiler werden die Tropfen mit verringerter Geschwindigkeit in fast waagerechter Richtung freigesetzt:<\/p><ul style=\"text-align: left;\" data-start=\"2921\" data-end=\"3067\"><li data-start=\"2921\" data-end=\"2992\"><p data-start=\"2923\" data-end=\"2992\">Avec le distributeur pivotant M\u00d6SCHA, les gouttes sont lib\u00e9r\u00e9es \u00e0 une vitesse r\u00e9duite dans une direction presque horizontale :<\/p><\/li><li data-start=\"2993\" data-end=\"3067\"><p data-start=\"2995\" data-end=\"3067\">Vitesse de sortie de la t\u00eate pivotante : 8 m\/sec, soit 29 km\/h<\/p><\/li><\/ul><p style=\"text-align: left;\" data-start=\"3069\" data-end=\"3246\"><strong data-start=\"3069\" data-end=\"3123\">Il s&rsquo;agit l\u00e0 d&rsquo;un avantage \u00e9vident par rapport aux disques d\u00e9flecteurs<\/strong>, car c&rsquo;est le seul moyen d&rsquo;obtenir une pulv\u00e9risation<strong data-start=\"3158\" data-end=\"3185\"> \u00e0 grosses gouttes<\/strong> et donc de ralentir <strong data-start=\"3201\" data-end=\"3246\">l&rsquo;\u00e9vaporation de l&rsquo;azote<\/strong>.<\/p><p style=\"text-align: left;\" data-start=\"3253\" data-end=\"3334\"><strong data-start=\"3257\" data-end=\"3334\">Quels sont les autres avantages du syst\u00e8me d&rsquo;\u00e9pandage de lisier \u00e0 grosses gouttes M\u00d6SCHA ?<\/strong><\/p><ul style=\"text-align: left;\" data-start=\"3336\" data-end=\"3867\"><li data-start=\"3336\" data-end=\"3515\"><p data-start=\"3338\" data-end=\"3515\">Gr\u00e2ce \u00e0 la surface r\u00e9duite et donc \u00e0 un meilleur rapport poids\/surface, la r\u00e9partition est \u00e9galement nettement meilleure en cas de vent lat\u00e9ral (voir \u00e9galement le test DLG).<\/p><\/li><\/ul><p><strong>Rapport surface\/contenu \u2013 mod\u00e8le cubique<\/strong><\/p><table class=\"produkt-tabelle-wuerfel\" style=\"font-size: 16px;\"><thead><tr><th>Type<\/th><th>Longueur des ar\u00eates(d)<\/th><th>Surface(d\u00b2)<\/th><th>Conten(d\u00b3)<\/th><th>Rapport<\/th><\/tr><\/thead><tbody><tr><td data-label=\"Typ\"><strong>petit<\/strong><\/td><td data-label=\"Kantenl\u00e4nge\">1 cm<\/td><td data-label=\"Oberfl\u00e4che\">6 cm\u00b2<\/td><td data-label=\"Inhalt\">1 cm\u00b3<\/td><td data-label=\"Verh\u00e4ltnis\">1 : 6<\/td><\/tr><tr><td data-label=\"Typ\"><strong>doppelt so gro\u00df<\/strong><\/td><td data-label=\"Kantenl\u00e4nge\">2 cm<\/td><td data-label=\"Oberfl\u00e4che\">24 cm\u00b2<\/td><td data-label=\"Inhalt\">8 cm\u00b3<\/td><td data-label=\"Verh\u00e4ltnis\">1 : 3<\/td><\/tr><\/tbody><\/table><ul style=\"text-align: left;\" data-start=\"3336\" data-end=\"3867\"><li data-start=\"3516\" data-end=\"3867\"><p data-start=\"3518\" data-end=\"3867\">De plus, l&rsquo;humidification\/l&rsquo;encrassement et donc l&rsquo;endommagement des plantes sont consid\u00e9rablement r\u00e9duits. La soci\u00e9t\u00e9 M\u00d6SCHA recommande donc d&rsquo;\u00e9pandre le lisier dans les prairies lorsque la hauteur de la v\u00e9g\u00e9tation est d&rsquo;environ 10 cm. La salissure des feuilles est faible et les pertes d&rsquo;azote peuvent \u00eatre encore fortement r\u00e9duites (protection du lisier contre le soleil et le vent).<\/p><\/li><\/ul><p style=\"text-align: left;\" data-start=\"3874\" data-end=\"3888\"><strong data-start=\"3878\" data-end=\"3888\">Conclusion <\/strong>: <strong data-start=\"3890\" data-end=\"3966\">le distributeur pivotant M\u00d6SCHA est la meilleure solution, en particulier pour les prairies !<\/strong><\/p>\t\t\t\t\t\t\t\t<\/div>\n\t\t\t\t<\/div>\n\t\t\t\t<\/div>\n\t\t\t\t\t<\/div>\n\t\t\t\t<\/div>\n\t\t\t\t<\/div>\n\t\t","protected":false},"excerpt":{"rendered":"<p>Distributeur pivotant Votre avantage Pourquoi minimiser les pertes d&rsquo;azote lors de l&rsquo;\u00e9pandage de lisier ? Les pertes d&rsquo;azote sont nocives pour l&rsquo;environnement. Les pertes d&rsquo;azote sont co\u00fbteuses : elles augmentent les besoins en engrais chimiques (le lisier de bovins contient par exemple environ 3,5 kg d&rsquo;azote par m\u00e8tre cube, ce qui correspond \u00e0 une valeur [&hellip;]<\/p>\n","protected":false},"author":1,"featured_media":2961,"parent":0,"menu_order":0,"comment_status":"closed","ping_status":"closed","template":"","meta":{"_acf_changed":false,"footnotes":""},"class_list":["post-3155","page","type-page","status-publish","has-post-thumbnail","hentry"],"acf":[],"_links":{"self":[{"href":"https:\/\/www.moescha.de\/fr\/wp-json\/wp\/v2\/pages\/3155","targetHints":{"allow":["GET"]}}],"collection":[{"href":"https:\/\/www.moescha.de\/fr\/wp-json\/wp\/v2\/pages"}],"about":[{"href":"https:\/\/www.moescha.de\/fr\/wp-json\/wp\/v2\/types\/page"}],"author":[{"embeddable":true,"href":"https:\/\/www.moescha.de\/fr\/wp-json\/wp\/v2\/users\/1"}],"replies":[{"embeddable":true,"href":"https:\/\/www.moescha.de\/fr\/wp-json\/wp\/v2\/comments?post=3155"}],"version-history":[{"count":4,"href":"https:\/\/www.moescha.de\/fr\/wp-json\/wp\/v2\/pages\/3155\/revisions"}],"predecessor-version":[{"id":3179,"href":"https:\/\/www.moescha.de\/fr\/wp-json\/wp\/v2\/pages\/3155\/revisions\/3179"}],"wp:featuredmedia":[{"embeddable":true,"href":"https:\/\/www.moescha.de\/fr\/wp-json\/wp\/v2\/media\/2961"}],"wp:attachment":[{"href":"https:\/\/www.moescha.de\/fr\/wp-json\/wp\/v2\/media?parent=3155"}],"curies":[{"name":"wp","href":"https:\/\/api.w.org\/{rel}","templated":true}]}}