{"id":3043,"date":"2025-07-23T13:01:41","date_gmt":"2025-07-23T11:01:41","guid":{"rendered":"https:\/\/www.moescha.de\/accessoires\/"},"modified":"2025-10-14T11:09:17","modified_gmt":"2025-10-14T09:09:17","slug":"accessoires","status":"publish","type":"page","link":"https:\/\/www.moescha.de\/fr\/accessoires\/","title":{"rendered":"Accessoires"},"content":{"rendered":"\t\t<div data-elementor-type=\"wp-page\" data-elementor-id=\"3043\" class=\"elementor elementor-3043 elementor-1118\" data-elementor-settings=\"{&quot;element_pack_global_tooltip_width&quot;:{&quot;unit&quot;:&quot;px&quot;,&quot;size&quot;:&quot;&quot;,&quot;sizes&quot;:[]},&quot;element_pack_global_tooltip_width_tablet&quot;:{&quot;unit&quot;:&quot;px&quot;,&quot;size&quot;:&quot;&quot;,&quot;sizes&quot;:[]},&quot;element_pack_global_tooltip_width_mobile&quot;:{&quot;unit&quot;:&quot;px&quot;,&quot;size&quot;:&quot;&quot;,&quot;sizes&quot;:[]},&quot;element_pack_global_tooltip_padding&quot;:{&quot;unit&quot;:&quot;px&quot;,&quot;top&quot;:&quot;&quot;,&quot;right&quot;:&quot;&quot;,&quot;bottom&quot;:&quot;&quot;,&quot;left&quot;:&quot;&quot;,&quot;isLinked&quot;:true},&quot;element_pack_global_tooltip_padding_tablet&quot;:{&quot;unit&quot;:&quot;px&quot;,&quot;top&quot;:&quot;&quot;,&quot;right&quot;:&quot;&quot;,&quot;bottom&quot;:&quot;&quot;,&quot;left&quot;:&quot;&quot;,&quot;isLinked&quot;:true},&quot;element_pack_global_tooltip_padding_mobile&quot;:{&quot;unit&quot;:&quot;px&quot;,&quot;top&quot;:&quot;&quot;,&quot;right&quot;:&quot;&quot;,&quot;bottom&quot;:&quot;&quot;,&quot;left&quot;:&quot;&quot;,&quot;isLinked&quot;:true},&quot;element_pack_global_tooltip_border_radius&quot;:{&quot;unit&quot;:&quot;px&quot;,&quot;top&quot;:&quot;&quot;,&quot;right&quot;:&quot;&quot;,&quot;bottom&quot;:&quot;&quot;,&quot;left&quot;:&quot;&quot;,&quot;isLinked&quot;:true},&quot;element_pack_global_tooltip_border_radius_tablet&quot;:{&quot;unit&quot;:&quot;px&quot;,&quot;top&quot;:&quot;&quot;,&quot;right&quot;:&quot;&quot;,&quot;bottom&quot;:&quot;&quot;,&quot;left&quot;:&quot;&quot;,&quot;isLinked&quot;:true},&quot;element_pack_global_tooltip_border_radius_mobile&quot;:{&quot;unit&quot;:&quot;px&quot;,&quot;top&quot;:&quot;&quot;,&quot;right&quot;:&quot;&quot;,&quot;bottom&quot;:&quot;&quot;,&quot;left&quot;:&quot;&quot;,&quot;isLinked&quot;:true}}\" data-elementor-post-type=\"page\">\n\t\t\t\t<div class=\"elementor-element elementor-element-2279b8a e-con-full e-flex e-con e-parent\" data-id=\"2279b8a\" data-element_type=\"container\" data-e-type=\"container\" data-settings=\"{&quot;background_background&quot;:&quot;slideshow&quot;,&quot;background_slideshow_gallery&quot;:[{&quot;id&quot;:2959,&quot;url&quot;:&quot;https:\\\/\\\/www.moescha.de\\\/wp-content\\\/uploads\\\/freepik__enhance__38553.png&quot;},{&quot;id&quot;:3034,&quot;url&quot;:&quot;https:\\\/\\\/www.moescha.de\\\/wp-content\\\/uploads\\\/freepik__enhance__38552.png&quot;},{&quot;id&quot;:3035,&quot;url&quot;:&quot;https:\\\/\\\/www.moescha.de\\\/wp-content\\\/uploads\\\/freepik__enhance__38551.png&quot;},{&quot;id&quot;:3036,&quot;url&quot;:&quot;https:\\\/\\\/www.moescha.de\\\/wp-content\\\/uploads\\\/freepik__enhance__38550.png&quot;}],&quot;background_slideshow_ken_burns&quot;:&quot;yes&quot;,&quot;background_slideshow_ken_burns_zoom_direction&quot;:&quot;out&quot;,&quot;background_slideshow_loop&quot;:&quot;yes&quot;,&quot;background_slideshow_slide_duration&quot;:5000,&quot;background_slideshow_slide_transition&quot;:&quot;fade&quot;,&quot;background_slideshow_transition_duration&quot;:500}\">\n\t\t<div class=\"elementor-element elementor-element-546123e e-con-full e-flex e-con e-child\" data-id=\"546123e\" data-element_type=\"container\" data-e-type=\"container\">\n\t\t<div class=\"elementor-element elementor-element-577a48d e-con-full e-flex e-con e-child\" data-id=\"577a48d\" data-element_type=\"container\" data-e-type=\"container\" id=\"home\">\n\t\t<div class=\"elementor-element elementor-element-b52ad29 e-con-full e-flex e-con e-child\" data-id=\"b52ad29\" data-element_type=\"container\" data-e-type=\"container\">\n\t\t\t\t<div class=\"elementor-element elementor-element-bda9c4a elementor-widget-mobile__width-inherit elementor-widget-tablet__width-inherit elementor-widget elementor-widget-heading\" data-id=\"bda9c4a\" data-element_type=\"widget\" data-e-type=\"widget\" data-widget_type=\"heading.default\">\n\t\t\t\t\t<h1 class=\"elementor-heading-title elementor-size-default\">Accessoires pour distributeurs rotatifs M\u00d6SCHA<\/h1>\t\t\t\t<\/div>\n\t\t\t\t<\/div>\n\t\t\t\t<\/div>\n\t\t\t\t<\/div>\n\t\t\t\t<\/div>\n\t\t<div class=\"elementor-element elementor-element-fd66fb3 e-flex e-con-boxed e-con e-child\" data-id=\"fd66fb3\" data-element_type=\"container\" data-e-type=\"container\">\n\t\t\t\t\t<div class=\"e-con-inner\">\n\t\t<div class=\"elementor-element elementor-element-f3125c4 e-con-full e-flex e-con e-child\" data-id=\"f3125c4\" data-element_type=\"container\" data-e-type=\"container\">\n\t\t\t\t<div class=\"elementor-element elementor-element-246dd28 elementor-widget-mobile__width-inherit elementor-widget-tablet__width-inherit elementor-widget elementor-widget-heading\" data-id=\"246dd28\" data-element_type=\"widget\" data-e-type=\"widget\" data-widget_type=\"heading.default\">\n\t\t\t\t\t<h2 class=\"elementor-heading-title elementor-size-default\">Accessoires<\/h2>\t\t\t\t<\/div>\n\t\t\t\t<div class=\"elementor-element elementor-element-20f227e elementor-align-right elementor-widget__width-initial elementor-mobile-align-justify elementor-widget-mobile__width-inherit elementor-tablet-align-justify elementor-widget-tablet__width-inherit elementor-widget elementor-widget-button\" data-id=\"20f227e\" data-element_type=\"widget\" data-e-type=\"widget\" data-widget_type=\"button.default\">\n\t\t\t\t\t\t\t\t\t\t<a class=\"elementor-button elementor-button-link elementor-size-sm\" href=\"https:\/\/www.moescha.de\/fr\/telechargements\/\">\n\t\t\t\t\t\t<span class=\"elementor-button-content-wrapper\">\n\t\t\t\t\t\t<span class=\"elementor-button-icon\">\n\t\t\t\t<svg aria-hidden=\"true\" class=\"e-font-icon-svg e-far-arrow-alt-circle-right\" viewBox=\"0 0 512 512\" xmlns=\"http:\/\/www.w3.org\/2000\/svg\"><path d=\"M504 256C504 119 393 8 256 8S8 119 8 256s111 248 248 248 248-111 248-248zm-448 0c0-110.5 89.5-200 200-200s200 89.5 200 200-89.5 200-200 200S56 366.5 56 256zm72 20v-40c0-6.6 5.4-12 12-12h116v-67c0-10.7 12.9-16 20.5-8.5l99 99c4.7 4.7 4.7 12.3 0 17l-99 99c-7.6 7.6-20.5 2.2-20.5-8.5v-67H140c-6.6 0-12-5.4-12-12z\"><\/path><\/svg>\t\t\t<\/span>\n\t\t\t\t\t\t\t\t\t<span class=\"elementor-button-text\">Mode d'emploi<\/span>\n\t\t\t\t\t<\/span>\n\t\t\t\t\t<\/a>\n\t\t\t\t\t\t\t\t<\/div>\n\t\t\t\t<div class=\"elementor-element elementor-element-91a5b54 elementor-align-right elementor-mobile-align-justify elementor-widget-mobile__width-inherit elementor-tablet-align-justify elementor-widget elementor-widget-button\" data-id=\"91a5b54\" data-element_type=\"widget\" data-e-type=\"widget\" data-widget_type=\"button.default\">\n\t\t\t\t\t\t\t\t\t\t<a class=\"elementor-button elementor-button-link elementor-size-sm\" href=\"https:\/\/www.moescha.de\/fr\/a-propos-de-nous\/\">\n\t\t\t\t\t\t<span class=\"elementor-button-content-wrapper\">\n\t\t\t\t\t\t\t\t\t<span class=\"elementor-button-text\">Demande \/ Contact<\/span>\n\t\t\t\t\t<\/span>\n\t\t\t\t\t<\/a>\n\t\t\t\t\t\t\t\t<\/div>\n\t\t\t\t<\/div>\n\t\t<div class=\"elementor-element elementor-element-93e0075 e-con-full e-flex e-con e-child\" data-id=\"93e0075\" data-element_type=\"container\" data-e-type=\"container\">\n\t\t\t\t<div class=\"elementor-element elementor-element-ba3153a elementor-widget elementor-widget-text-editor\" data-id=\"ba3153a\" data-element_type=\"widget\" data-e-type=\"widget\" data-widget_type=\"text-editor.default\">\n\t\t\t\t\t\t\t\t\t<h2>Bagues de raccordement standard<\/h2>\n<table class=\"produkt-tabelle\">\n<thead>\n<tr>\n<th><\/th>\n<th>Type<\/th>\n<th>Taille<\/th>\n<th>N\u00b0 de commande<\/th>\n<th>Prix<\/th>\n<\/tr>\n<\/thead>\n<tbody>\n<tr>\n<td class=\"bildzelle crop\"><a href=\"\/wp-content\/uploads\/PreislistenKupplungItalV.jpg\">\n<img decoding=\"async\" src=\"\/wp-content\/uploads\/PreislistenKupplungItalV.jpg\" alt=\"Raccord en V ital.\">\n<\/a><\/td>\n<td data-label=\"Typ\">Raccord en V ital. <\/td>\n<td data-label=\"Gr\u00f6\u00dfe\">100 \/ 120 \/ 150<\/td>\n<td data-label=\"Best.Nr.\">230 \/ 231 \/ 232<\/td>\n<td data-label=\"Preis\">110,00\u202f\u20ac<\/td>\n<\/tr>\n<tr>\n<td class=\"bildzelle crop\"><a href=\"\/wp-content\/uploads\/PreislistenKupplungItalM.jpg\">\n<img decoding=\"async\" src=\"\/wp-content\/uploads\/PreislistenKupplungItalM.jpg\" alt=\"Raccord MT ital.\">\n<\/a><\/td>\n<td data-label=\"Typ\">Raccord MT ital. <\/td>\n<td data-label=\"Gr\u00f6\u00dfe\">100 \/ 120 \/ 150<\/td>\n<td data-label=\"Best.Nr.\">235 \/ 236 \/ 237<\/td>\n<td data-label=\"Preis\">110,00\u202f\u20ac<\/td>\n<\/tr>\n<tr>\n<td class=\"bildzelle crop\"><a href=\"\/wp-content\/uploads\/PreislistenKupplungPerrotV.jpg\">\n<img decoding=\"async\" src=\"\/wp-content\/uploads\/PreislistenKupplungPerrotV.jpg\" alt=\"Raccord en V Perrot\">\n<\/a><\/td>\n<td data-label=\"Typ\">Raccord en V Perrot<\/td>\n<td data-label=\"Gr\u00f6\u00dfe\">108 \/ 133 \/ 159<\/td>\n<td data-label=\"Best.Nr.\">240 \/ 241 \/ 242<\/td>\n<td data-label=\"Preis\">110,00\u202f\u20ac<\/td>\n<\/tr>\n<tr>\n<td class=\"bildzelle crop\"><a href=\"\/wp-content\/uploads\/PreislistenKupplungPerrotM.jpg\">\n<img decoding=\"async\" src=\"\/wp-content\/uploads\/PreislistenKupplungPerrotM.jpg\" alt=\"Raccord MT Perrot\">\n<\/a><\/td>\n<td data-label=\"Typ\">Raccord MT Perrot<\/td>\n<td data-label=\"Gr\u00f6\u00dfe\">108 \/ 133 \/ 159<\/td>\n<td data-label=\"Best.Nr.\">245 \/ 246 \/ 247<\/td>\n<td data-label=\"Preis\">140\u2013150,00\u202f\u20ac<\/td>\n<\/tr>\n<tr>\n<td class=\"bildzelle crop\"><a href=\"\/wp-content\/uploads\/PreislistenKupplungBauer.jpg\">\n<img decoding=\"async\" src=\"\/wp-content\/uploads\/PreislistenKupplungBauer.jpg\" alt=\"Raccord MT Bauer\">\n<\/a><\/td>\n<td data-label=\"Typ\">Raccord MT Bauer<\/td>\n<td data-label=\"Gr\u00f6\u00dfe\">108 \/ 133 \/ 159<\/td>\n<td data-label=\"Best.Nr.\">255 \/ 256 \/ 257<\/td>\n<td data-label=\"Preis\">140\u2013160,00\u202f\u20ac<\/td>\n<\/tr>\n<\/tbody>\n<\/table>\n<h2>Bagues de raccordement sp\u00e9ciales<\/h2>\n<table class=\"produkt-tabelle\">\n<thead>\n<tr>\n<th><\/th>\n<th>Description<\/th>\n<th>N\u00b0 de commande<\/th>\n<th>Prix<\/th>\n<\/tr>\n<\/thead>\n<tbody>\n<tr>\n<td class=\"bildzelle crop\">\n  <a href=\"\/wp-content\/uploads\/PreislistenKupplungKlappen.png\">\n    \n\n    <img decoding=\"async\" src=\"\/wp-content\/uploads\/PreislistenKupplungKlappen.png\" alt=\"Raccord pour le basculement\">\n    \n\n  <\/a>\n<\/td>\n<td data-label=\"Beschreibung\">Raccord pour le basculement (bride 6\u2033)<\/td>\n<td data-label=\"Best.Nr.\">263<\/td>\n<td data-label=\"Preis\">250,00\u202f\u20ac<\/td>\n<\/tr>\n<tr>\n<td class=\"bildzelle crop\">\n  <a href=\"\/wp-content\/uploads\/ZubehoerPerrotMVerlaengertAntidrall-1.jpg\">\n    \n\n    <img decoding=\"async\" src=\"\/wp-content\/uploads\/ZubehoerPerrotMVerlaengertAntidrall-1.jpg\" alt=\"Raccord Perrot M \u2013 avec rallonge\">\n    \n\n  <\/a>\n<\/td>\n<td data-label=\"Beschreibung\">Raccord Perrot M \u2013 108 avec rallonge et antidrall<\/td>\n<td data-label=\"Best.Nr.\">245.1<\/td>\n<td data-label=\"Preis\">175,00\u202f\u20ac<\/td>\n<\/tr>\n<tr>\n<td class=\"bildzelle crop\">\n  <a href=\"\/wp-content\/uploads\/ZubehoerPerrotMzumKlappenMitRohrschelleKomprimiert-1.jpg\">\n    \n\n    <img decoding=\"async\" src=\"\/wp-content\/uploads\/ZubehoerPerrotMzumKlappenMitRohrschelleKomprimiert-1.jpg\" alt=\"Raccord Perrot M \u2013 133 avec collier de serrage\">\n    \n\n  <\/a>\n<\/td>\n<td data-label=\"Beschreibung\">Raccord Perrot M \u2013 133 pour le basculement avec collier de serrage (pour HTS\u2011100)<\/td>\n<td data-label=\"Best.Nr.\">277<\/td>\n<td data-label=\"Preis\">240,00\u202f\u20ac<\/td>\n<\/tr>\n<\/tbody>\n<\/table>\n<h2>Supports<\/h2>\n<table class=\"produkt-tabelle\">\n<thead>\n<tr>\n<th><\/th>\n<th>Description<\/th>\n<th>N\u00b0 de commande<\/th>\n<th>Prix<\/th>\n<\/tr>\n<\/thead>\n<tbody>\n<tr>\n<td class=\"bildzelle crop\">\n  <a href=\"\/wp-content\/uploads\/ZubehoerHaltegabel-1.jpg\">\n    \n\n    <img decoding=\"async\" src=\"\/wp-content\/uploads\/ZubehoerHaltegabel-1.jpg\" alt=\"Fourche de maintien avec tube\">\n    \n\n  <\/a>\n<\/td>\n<td data-label=\"Beschreibung\">Fourche de maintien avec tube \u00e0 souder<\/td>\n<td data-label=\"Best.Nr.\">220<\/td>\n<td data-label=\"Preis\">45,00\u202f\u20ac<\/td>\n<\/tr>\n<tr>\n<td class=\"bildzelle crop\">\n  <a href=\"\/wp-content\/uploads\/ZubehoerPerrotMzumKlappenMitRohrschelleAmFass-2.jpg\">\n    \n\n    <img decoding=\"async\" src=\"\/wp-content\/uploads\/ZubehoerPerrotMzumKlappenMitRohrschelleAmFass-2.jpg\" alt=\"Fourche de maintien avec collier de serrage\">\n    \n\n  <\/a>\n<\/td>\n<td data-label=\"Beschreibung\">Fourche de maintien avec collier de serrage \u00e0 visser<\/td>\n<td data-label=\"Best.Nr.\">218<\/td>\n<td data-label=\"Preis\">110,00\u202f\u20ac<\/td>\n<\/tr>\n<tr>\n<td class=\"bildzelle\">\u2013<\/td>\n<td data-label=\"Beschreibung\">Fourche de maintien avec tube carr\u00e9 rallong\u00e9 et collier de serrage \u00e0 visser<\/td>\n<td data-label=\"Best.Nr.\">219<\/td>\n<td data-label=\"Preis\">110,00\u202f\u20ac<\/td>\n<\/tr>\n<tr>\n<td class=\"bildzelle crop\">\n  <a href=\"\/wp-content\/uploads\/ZubehoerHalterohr.jpg\">\n    \n\n    <img decoding=\"async\" src=\"\/wp-content\/uploads\/ZubehoerHalterohr.jpg\" alt=\"Tube de maintien\">\n    \n\n  <\/a>\n<\/td>\n<td data-label=\"Beschreibung\">Tube de maintien (normal ou rallong\u00e9)<\/td>\n<td data-label=\"Best.Nr.\">222.1 \/\u202f222.2<\/td>\n<td data-label=\"Preis\">45,00\u202f\u20ac<\/td>\n<\/tr>\n<tr>\n<td class=\"bildzelle crop\">\n  <a href=\"\/wp-content\/uploads\/ZubehoerRohrschelleSchraeg.jpg\">\n    \n\n    <img decoding=\"async\" src=\"\/wp-content\/uploads\/ZubehoerRohrschelleSchraeg.jpg\" alt=\"Collier de serrage avec dispositif\">\n    \n\n  <\/a>\n<\/td>\n<td data-label=\"Beschreibung\">Collier de serrage avec dispositif soud\u00e9 pour fourche de maintien\u202f+ tube<\/td>\n<td data-label=\"Best.Nr.\">382<\/td>\n<td data-label=\"Preis\">65,00\u202f\u20ac<\/td>\n<\/tr>\n<tr>\n<td class=\"bildzelle crop\">\n  <a href=\"\/wp-content\/uploads\/ZubehoerRohrschelleMitHaltegabel-1.jpg\">\n    \n\n    <img decoding=\"async\" src=\"\/wp-content\/uploads\/ZubehoerRohrschelleMitHaltegabel-1.jpg\" alt=\"Exemples de montage Collier de serrage\">\n    \n\n  <\/a>\n<\/td>\n<td data-label=\"Beschreibung\">Exemples de montage Collier de serrage<\/td>\n<td data-label=\"Best.Nr.\">\u2013<\/td>\n<td data-label=\"Preis\">\u2013<\/td>\n<\/tr>\n<tr>\n<td class=\"bildzelle crop\">\n  <a href=\"\/wp-content\/uploads\/ZubehoerHaltebuegel-1.jpg\">\n    \n\n    <img decoding=\"async\" src=\"\/wp-content\/uploads\/ZubehoerHaltebuegel-1.jpg\" alt=\"\u00c9trier de maintien\">\n    \n\n  <\/a>\n<\/td>\n<td data-label=\"Beschreibung\">\u00c9trier de maintien non galvanis\u00e9<\/td>\n<td data-label=\"Best.Nr.\">224<\/td>\n<td data-label=\"Preis\">28,00\u202f\u20ac<\/td>\n<\/tr>\n<\/tbody>\n<\/table>\n<h2>R\u00e9duction du d\u00e9bit<\/h2>\n<table class=\"produkt-tabelle\">\n<thead>\n<tr>\n<th><\/th>\n<th>Description<\/th>\n<th>N\u00b0 de commande<\/th>\n<th>Prix<\/th>\n<\/tr>\n<\/thead>\n<tbody>\n<tr>\n<td class=\"bildzelle crop\">\n  <a href=\"\/wp-content\/uploads\/ZubehoerReduzierhuelsenAlle-1.jpg\">\n    \n\n    <img decoding=\"async\" src=\"\/wp-content\/uploads\/ZubehoerReduzierhuelsenAlle-1.jpg\" alt=\"Douille de r\u00e9duction\">\n    \n\n  <\/a>\n<\/td>\n<td data-label=\"Beschreibung\">Douille de r\u00e9duction S\u201155 \/ S\u201162 \/ S\u201168 \/ S\u201177<\/td>\n<td data-label=\"Best.Nr.\">200 \/\u202f201 \/\u202f202 \/\u202f203<\/td>\n<td data-label=\"Preis\">29,00\u202f\u20ac<\/td>\n<\/tr>\n<tr>\n<td class=\"bildzelle\">\u2013<\/td>\n<td data-label=\"Beschreibung\">Douille de r\u00e9duction S\u201185 (78mm)<\/td>\n<td data-label=\"Best.Nr.\">204<\/td>\n<td data-label=\"Preis\">49,00\u202f\u20ac<\/td>\n<\/tr>\n<\/tbody>\n<\/table>\n<h2>R\u00e9duction de la largeur de travail<\/h2>\n<table class=\"produkt-tabelle\">\n<thead>\n<tr>\n<th><\/th>\n<th>Description<\/th>\n<th>N\u00b0 de commande<\/th>\n<th>Prix<\/th>\n<\/tr>\n<\/thead>\n<tbody>\n<tr>\n<td class=\"bildzelle crop\"><a href=\"\/wp-content\/uploads\/ZubehoerWellblech-1.jpg\">\n<img decoding=\"async\" src=\"\/wp-content\/uploads\/ZubehoerWellblech-1.jpg\" alt=\"T\u00f4le ondul\u00e9e\">\n<\/a><\/td>\n<td data-label=\"Beschreibung\">T\u00f4le ondul\u00e9e (pertinente pour une &lt; largeur de travail de 10\u202fm)<\/td>\n<td data-label=\"Best.Nr.\">367<\/td>\n<td data-label=\"Preis\">27,00\u202f\u20ac<\/td>\n<\/tr>\n<\/tbody>\n<\/table>\n<h2>Protection anti-\u00e9claboussures<\/h2>\n<table class=\"produkt-tabelle\">\n<thead>\n<tr>\n<th><\/th>\n<th>Description<\/th>\n<th>N\u00b0 de commande<\/th>\n<th>Prix<\/th>\n<\/tr>\n<\/thead>\n<tbody>\n<tr>\n<td class=\"bildzelle crop\">\n  <a href=\"\/wp-content\/uploads\/ZubehoerSpritzschutz-1.jpg\">\n    \n\n    <img decoding=\"async\" src=\"\/wp-content\/uploads\/ZubehoerSpritzschutz-1.jpg\" alt=\"Protection anti-\u00e9claboussures\">\n    \n\n  <\/a>\n<\/td>\n<td data-label=\"Beschreibung\">Protection anti-\u00e9claboussures (avec support 394)<\/td>\n<td data-label=\"Best.Nr.\">393<\/td>\n<td data-label=\"Preis\">140,00\u202f\u20ac<\/td>\n<\/tr>\n<tr>\n<td class=\"bildzelle\">\u2013<\/td>\n<td data-label=\"Beschreibung\">Support pour protection anti-\u00e9claboussures avec vis<\/td>\n<td data-label=\"Best.Nr.\">394<\/td>\n<td data-label=\"Preis\">40,00\u202f\u20ac<\/td>\n<\/tr>\n<\/tbody>\n<\/table>\n<h2>Joint de bride<\/h2>\n<table class=\"produkt-tabelle\">\n<thead>\n<tr>\n<th><\/th>\n<th>Description<\/th>\n<th>N\u00b0 de commande<\/th>\n<th>Prix<\/th>\n<\/tr>\n<\/thead>\n<tbody>\n<tr>\n<td class=\"bildzelle crop\">\n  <a href=\"\/wp-content\/uploads\/ZubehoerFlanschdichtung-1.jpg\">\n    \n\n    <img decoding=\"async\" src=\"\/wp-content\/uploads\/ZubehoerFlanschdichtung-1.jpg\" alt=\"Joint de bride\">\n    \n\n  <\/a>\n<\/td>\n<td data-label=\"Beschreibung\">Joint de bride avec 4\u2033\u20136\u2033 avec vis<\/td>\n<td data-label=\"Best.Nr.\">210<\/td>\n<td data-label=\"Preis\">5,00\u202f\u20ac<\/td>\n<\/tr>\n<\/tbody>\n<\/table>\t\t\t\t\t\t\t\t<\/div>\n\t\t\t\t<\/div>\n\t\t\t\t\t<\/div>\n\t\t\t\t<\/div>\n\t\t\t\t<\/div>\n\t\t","protected":false},"excerpt":{"rendered":"<p>Accessoires pour distributeurs rotatifs M\u00d6SCHA Accessoires Mode d&#8217;emploi Demande \/ Contact Bagues de raccordement standard Type Taille N\u00b0 de commande Prix Raccord en V ital. 100 \/ 120 \/ 150 230 \/ 231 \/ 232 110,00\u202f\u20ac Raccord MT ital. 100 \/ 120 \/ 150 235 \/ 236 \/ 237 110,00\u202f\u20ac Raccord en V Perrot 108 [&hellip;]<\/p>\n","protected":false},"author":1,"featured_media":3042,"parent":0,"menu_order":0,"comment_status":"closed","ping_status":"closed","template":"","meta":{"_acf_changed":false,"footnotes":""},"class_list":["post-3043","page","type-page","status-publish","has-post-thumbnail","hentry"],"acf":[],"_links":{"self":[{"href":"https:\/\/www.moescha.de\/fr\/wp-json\/wp\/v2\/pages\/3043","targetHints":{"allow":["GET"]}}],"collection":[{"href":"https:\/\/www.moescha.de\/fr\/wp-json\/wp\/v2\/pages"}],"about":[{"href":"https:\/\/www.moescha.de\/fr\/wp-json\/wp\/v2\/types\/page"}],"author":[{"embeddable":true,"href":"https:\/\/www.moescha.de\/fr\/wp-json\/wp\/v2\/users\/1"}],"replies":[{"embeddable":true,"href":"https:\/\/www.moescha.de\/fr\/wp-json\/wp\/v2\/comments?post=3043"}],"version-history":[{"count":0,"href":"https:\/\/www.moescha.de\/fr\/wp-json\/wp\/v2\/pages\/3043\/revisions"}],"wp:featuredmedia":[{"embeddable":true,"href":"https:\/\/www.moescha.de\/fr\/wp-json\/wp\/v2\/media\/3042"}],"wp:attachment":[{"href":"https:\/\/www.moescha.de\/fr\/wp-json\/wp\/v2\/media?parent=3043"}],"curies":[{"name":"wp","href":"https:\/\/api.w.org\/{rel}","templated":true}]}}