{"id":3040,"date":"2025-07-23T12:21:39","date_gmt":"2025-07-23T10:21:39","guid":{"rendered":"https:\/\/www.moescha.de\/pieces-de-rechange\/"},"modified":"2025-10-14T11:08:01","modified_gmt":"2025-10-14T09:08:01","slug":"pieces-de-rechange","status":"publish","type":"page","link":"https:\/\/www.moescha.de\/fr\/pieces-de-rechange\/","title":{"rendered":"Pi\u00e8ces de rechange"},"content":{"rendered":"\t\t<div data-elementor-type=\"wp-page\" data-elementor-id=\"3040\" class=\"elementor elementor-3040 elementor-1054\" data-elementor-settings=\"{&quot;element_pack_global_tooltip_width&quot;:{&quot;unit&quot;:&quot;px&quot;,&quot;size&quot;:&quot;&quot;,&quot;sizes&quot;:[]},&quot;element_pack_global_tooltip_width_tablet&quot;:{&quot;unit&quot;:&quot;px&quot;,&quot;size&quot;:&quot;&quot;,&quot;sizes&quot;:[]},&quot;element_pack_global_tooltip_width_mobile&quot;:{&quot;unit&quot;:&quot;px&quot;,&quot;size&quot;:&quot;&quot;,&quot;sizes&quot;:[]},&quot;element_pack_global_tooltip_padding&quot;:{&quot;unit&quot;:&quot;px&quot;,&quot;top&quot;:&quot;&quot;,&quot;right&quot;:&quot;&quot;,&quot;bottom&quot;:&quot;&quot;,&quot;left&quot;:&quot;&quot;,&quot;isLinked&quot;:true},&quot;element_pack_global_tooltip_padding_tablet&quot;:{&quot;unit&quot;:&quot;px&quot;,&quot;top&quot;:&quot;&quot;,&quot;right&quot;:&quot;&quot;,&quot;bottom&quot;:&quot;&quot;,&quot;left&quot;:&quot;&quot;,&quot;isLinked&quot;:true},&quot;element_pack_global_tooltip_padding_mobile&quot;:{&quot;unit&quot;:&quot;px&quot;,&quot;top&quot;:&quot;&quot;,&quot;right&quot;:&quot;&quot;,&quot;bottom&quot;:&quot;&quot;,&quot;left&quot;:&quot;&quot;,&quot;isLinked&quot;:true},&quot;element_pack_global_tooltip_border_radius&quot;:{&quot;unit&quot;:&quot;px&quot;,&quot;top&quot;:&quot;&quot;,&quot;right&quot;:&quot;&quot;,&quot;bottom&quot;:&quot;&quot;,&quot;left&quot;:&quot;&quot;,&quot;isLinked&quot;:true},&quot;element_pack_global_tooltip_border_radius_tablet&quot;:{&quot;unit&quot;:&quot;px&quot;,&quot;top&quot;:&quot;&quot;,&quot;right&quot;:&quot;&quot;,&quot;bottom&quot;:&quot;&quot;,&quot;left&quot;:&quot;&quot;,&quot;isLinked&quot;:true},&quot;element_pack_global_tooltip_border_radius_mobile&quot;:{&quot;unit&quot;:&quot;px&quot;,&quot;top&quot;:&quot;&quot;,&quot;right&quot;:&quot;&quot;,&quot;bottom&quot;:&quot;&quot;,&quot;left&quot;:&quot;&quot;,&quot;isLinked&quot;:true}}\" data-elementor-post-type=\"page\">\n\t\t\t\t<div class=\"elementor-element elementor-element-1c68ab1 e-con-full e-flex e-con e-parent\" data-id=\"1c68ab1\" data-element_type=\"container\" data-e-type=\"container\" data-settings=\"{&quot;background_background&quot;:&quot;slideshow&quot;,&quot;background_slideshow_gallery&quot;:[{&quot;id&quot;:2959,&quot;url&quot;:&quot;http:\\\/\\\/www.moescha.de\\\/wp-content\\\/uploads\\\/freepik__enhance__38553.png&quot;},{&quot;id&quot;:3034,&quot;url&quot;:&quot;http:\\\/\\\/www.moescha.de\\\/wp-content\\\/uploads\\\/freepik__enhance__38552.png&quot;},{&quot;id&quot;:3035,&quot;url&quot;:&quot;http:\\\/\\\/www.moescha.de\\\/wp-content\\\/uploads\\\/freepik__enhance__38551.png&quot;},{&quot;id&quot;:3036,&quot;url&quot;:&quot;http:\\\/\\\/www.moescha.de\\\/wp-content\\\/uploads\\\/freepik__enhance__38550.png&quot;}],&quot;background_slideshow_ken_burns&quot;:&quot;yes&quot;,&quot;background_slideshow_ken_burns_zoom_direction&quot;:&quot;out&quot;,&quot;background_slideshow_loop&quot;:&quot;yes&quot;,&quot;background_slideshow_slide_duration&quot;:5000,&quot;background_slideshow_slide_transition&quot;:&quot;fade&quot;,&quot;background_slideshow_transition_duration&quot;:500}\">\n\t\t<div class=\"elementor-element elementor-element-548d436 e-con-full e-flex e-con e-child\" data-id=\"548d436\" data-element_type=\"container\" data-e-type=\"container\">\n\t\t\t\t<div class=\"elementor-element elementor-element-4cc6b7e elementor-widget elementor-widget-heading\" data-id=\"4cc6b7e\" data-element_type=\"widget\" data-e-type=\"widget\" id=\"Ersatzteile\" data-widget_type=\"heading.default\">\n\t\t\t\t\t<h1 class=\"elementor-heading-title elementor-size-default\">Pi\u00e8ces de rechange pour distributeur oscillant M\u00d6SCHA<\/h1>\t\t\t\t<\/div>\n\t\t\t\t<\/div>\n\t\t\t\t<\/div>\n\t\t<div class=\"elementor-element elementor-element-fd66fb3 e-flex e-con-boxed e-con e-child\" data-id=\"fd66fb3\" data-element_type=\"container\" data-e-type=\"container\">\n\t\t\t\t\t<div class=\"e-con-inner\">\n\t\t<div class=\"elementor-element elementor-element-7778b95 e-con-full e-flex e-con e-child\" data-id=\"7778b95\" data-element_type=\"container\" data-e-type=\"container\">\n\t\t\t\t<div class=\"elementor-element elementor-element-6100f8f elementor-align-right elementor-mobile-align-justify elementor-widget-mobile__width-inherit elementor-widget elementor-widget-button\" data-id=\"6100f8f\" data-element_type=\"widget\" data-e-type=\"widget\" data-widget_type=\"button.default\">\n\t\t\t\t\t\t\t\t\t\t<a class=\"elementor-button elementor-button-link elementor-size-sm\" href=\"\/wp-content\/uploads\/MOeSCHA-Ersatzteile-PL.pdf\" target=\"_blank\" id=\"Ersatzteile\">\n\t\t\t\t\t\t<span class=\"elementor-button-content-wrapper\">\n\t\t\t\t\t\t<span class=\"elementor-button-icon\">\n\t\t\t\t<svg aria-hidden=\"true\" class=\"e-font-icon-svg e-far-file-pdf\" viewBox=\"0 0 384 512\" xmlns=\"http:\/\/www.w3.org\/2000\/svg\"><path d=\"M369.9 97.9L286 14C277 5 264.8-.1 252.1-.1H48C21.5 0 0 21.5 0 48v416c0 26.5 21.5 48 48 48h288c26.5 0 48-21.5 48-48V131.9c0-12.7-5.1-25-14.1-34zM332.1 128H256V51.9l76.1 76.1zM48 464V48h160v104c0 13.3 10.7 24 24 24h104v288H48zm250.2-143.7c-12.2-12-47-8.7-64.4-6.5-17.2-10.5-28.7-25-36.8-46.3 3.9-16.1 10.1-40.6 5.4-56-4.2-26.2-37.8-23.6-42.6-5.9-4.4 16.1-.4 38.5 7 67.1-10 23.9-24.9 56-35.4 74.4-20 10.3-47 26.2-51 46.2-3.3 15.8 26 55.2 76.1-31.2 22.4-7.4 46.8-16.5 68.4-20.1 18.9 10.2 41 17 55.8 17 25.5 0 28-28.2 17.5-38.7zm-198.1 77.8c5.1-13.7 24.5-29.5 30.4-35-19 30.3-30.4 35.7-30.4 35zm81.6-190.6c7.4 0 6.7 32.1 1.8 40.8-4.4-13.9-4.3-40.8-1.8-40.8zm-24.4 136.6c9.7-16.9 18-37 24.7-54.7 8.3 15.1 18.9 27.2 30.1 35.5-20.8 4.3-38.9 13.1-54.8 19.2zm131.6-5s-5 6-37.3-7.8c35.1-2.6 40.9 5.4 37.3 7.8z\"><\/path><\/svg>\t\t\t<\/span>\n\t\t\t\t\t\t\t\t\t<span class=\"elementor-button-text\">Commande de pi\u00e8ces de rechange<\/span>\n\t\t\t\t\t<\/span>\n\t\t\t\t\t<\/a>\n\t\t\t\t\t\t\t\t<\/div>\n\t\t\t\t<div class=\"elementor-element elementor-element-c6b7a3f elementor-align-right elementor-mobile-align-justify elementor-widget-mobile__width-inherit elementor-widget elementor-widget-button\" data-id=\"c6b7a3f\" data-element_type=\"widget\" data-e-type=\"widget\" data-widget_type=\"button.default\">\n\t\t\t\t\t\t\t\t\t\t<a class=\"elementor-button elementor-button-link elementor-size-sm\" href=\"https:\/\/www.moescha.de\/fr\/telechargements\/\" id=\"Ersatzteile\">\n\t\t\t\t\t\t<span class=\"elementor-button-content-wrapper\">\n\t\t\t\t\t\t<span class=\"elementor-button-icon\">\n\t\t\t\t<svg aria-hidden=\"true\" class=\"e-font-icon-svg e-far-arrow-alt-circle-right\" viewBox=\"0 0 512 512\" xmlns=\"http:\/\/www.w3.org\/2000\/svg\"><path d=\"M504 256C504 119 393 8 256 8S8 119 8 256s111 248 248 248 248-111 248-248zm-448 0c0-110.5 89.5-200 200-200s200 89.5 200 200-89.5 200-200 200S56 366.5 56 256zm72 20v-40c0-6.6 5.4-12 12-12h116v-67c0-10.7 12.9-16 20.5-8.5l99 99c4.7 4.7 4.7 12.3 0 17l-99 99c-7.6 7.6-20.5 2.2-20.5-8.5v-67H140c-6.6 0-12-5.4-12-12z\"><\/path><\/svg>\t\t\t<\/span>\n\t\t\t\t\t\t\t\t\t<span class=\"elementor-button-text\">Mode d'emploi<\/span>\n\t\t\t\t\t<\/span>\n\t\t\t\t\t<\/a>\n\t\t\t\t\t\t\t\t<\/div>\n\t\t\t\t<\/div>\n\t\t<div class=\"elementor-element elementor-element-93e0075 e-con-full e-flex e-con e-child\" data-id=\"93e0075\" data-element_type=\"container\" data-e-type=\"container\">\n\t\t<div class=\"elementor-element elementor-element-9ae0c57 e-con-full e-flex e-con e-child\" data-id=\"9ae0c57\" data-element_type=\"container\" data-e-type=\"container\">\n\t\t<div class=\"elementor-element elementor-element-a06e5fa e-con-full e-flex e-con e-child\" data-id=\"a06e5fa\" data-element_type=\"container\" data-e-type=\"container\" data-settings=\"{&quot;sticky&quot;:&quot;top&quot;,&quot;sticky_offset&quot;:150,&quot;sticky_parent&quot;:&quot;yes&quot;,&quot;sticky_on&quot;:[&quot;desktop&quot;,&quot;tablet&quot;,&quot;mobile&quot;],&quot;sticky_effects_offset&quot;:0,&quot;sticky_anchor_link_offset&quot;:0}\">\n\t\t\t\t<div class=\"elementor-element elementor-element-859978f elementor-widget-tablet__width-inherit elementor-widget elementor-widget-bdt-advanced-image-gallery\" data-id=\"859978f\" data-element_type=\"widget\" data-e-type=\"widget\" data-widget_type=\"bdt-advanced-image-gallery.default\">\n\t\t\t\t\t\t\t<div id=\"bdt-avdg-859978f\" class=\"bdt-ep-advanced-image-gallery bdt-ep-advanced-image-gallery-skin-default bdt-grid bdt-grid-small bdt-child-width-1-1 bdt-child-width-1-1@s bdt-child-width-1-1@m\" data-bdt-grid=\"\" data-bdt-lightbox=\"animation: fade;\" data-settings=\"{&quot;id&quot;:&quot;#bdt-avdg-859978f&quot;,&quot;tiltShow&quot;:false}\">\n\t\t\t\n\t\t\t\t<div class=\"bdt-ep-advanced-image-gallery-item bdt-transition-toggle\">\n\t\t\t\t\t<div class=\"bdt-ep-advanced-image-gallery-inner\">\n\t\t\t\t\t\t<div class=\"bdt-ep-advanced-image-gallery-thumbnail bdt-transition-toggle\"><img fetchpriority=\"high\" decoding=\"async\" width=\"790\" height=\"549\" src=\"https:\/\/www.moescha.de\/wp-content\/uploads\/ErsatzteileExplosionszeichnung.gif\" class=\"jgalleryImage\" alt=\"ErsatzteileExplosionszeichnung\" \/><\/div>\t\t<div class=\"bdt-position-cover bdt-overlay bdt-overlay-default bdt-transition-fade\">\n\t\t\t<div class=\"bdt-ep-advanced-image-gallery-content\">\n\t\t\t\t<div class=\"bdt-ep-advanced-image-gallery-content-inner\">\n\n\t\t\t\t\t\t\t\t\t\t\t\t\t\t\t\t<div class=\"bdt-flex-inline bdt-ep-advanced-image-gallery-item-link-wrapper\">\n\t\t\t\t\t\t\t<a class=\"bdt-ep-advanced-image-gallery-item-link elementor-clickable icon-type-icon \" data-elementor-open-lightbox=\"no\" data-caption=\"\" data-href=\"https:\/\/www.moescha.de\/wp-content\/uploads\/ErsatzteileExplosionszeichnung.gif\">\n\t\t\t\t\t\t\t\t\n\t\t\t\t\t\t\t\t\t\t\t\t\t\t\t\t\t\t\t<span>\n\t\t\t\t\t\t\t\t\t\t\t<i class=\"ep-icon-plus-2\"><\/i>\n\t\t\t\t\t\t\t\t\t\t<\/span>\n\t\t\t\t\t\t\t\t\t\n\t\t\t\t\t\t\t\t\t\t\t\t\t\t\t<\/a>\n\t\t\t\t\t\t<\/div>\n\t\t\t\t\t\n\t\t\t\t\t\t\t\t\t<\/div>\n\t\t\t<\/div>\n\t\t<\/div>\n\t\t\t\t\t<\/div>\n\t\t\t\t\t\t\t\t\t<\/div>\n\n\t\t\t\t\t<\/div>\n\t\t\t\t\t<\/div>\n\t\t\t\t<div class=\"elementor-element elementor-element-0c56152 elementor-align-justify elementor-widget elementor-widget-button\" data-id=\"0c56152\" data-element_type=\"widget\" data-e-type=\"widget\" data-widget_type=\"button.default\">\n\t\t\t\t\t\t\t\t\t\t<a class=\"elementor-button elementor-button-link elementor-size-sm\" href=\"https:\/\/www.moescha.de\/fr\/a-propos-de-nous\/\">\n\t\t\t\t\t\t<span class=\"elementor-button-content-wrapper\">\n\t\t\t\t\t\t\t\t\t<span class=\"elementor-button-text\">Demande \/ Contact<\/span>\n\t\t\t\t\t<\/span>\n\t\t\t\t\t<\/a>\n\t\t\t\t\t\t\t\t<\/div>\n\t\t\t\t<\/div>\n\t\t\t\t<\/div>\n\t\t<div class=\"elementor-element elementor-element-662a6fe e-con-full e-flex e-con e-child\" data-id=\"662a6fe\" data-element_type=\"container\" data-e-type=\"container\">\n\t\t\t\t<div class=\"elementor-element elementor-element-ba3153a elementor-widget elementor-widget-text-editor\" data-id=\"ba3153a\" data-element_type=\"widget\" data-e-type=\"widget\" data-widget_type=\"text-editor.default\">\n\t\t\t\t\t\t\t\t\t<table class=\"produkt-tabelle-ersatzteile\"><thead><tr><th>N\u00b0<\/th><th>Image<\/th><th>D\u00e9signation<\/th><th>N\u00b0 de commande<\/th><th>Prix<\/th><\/tr><\/thead><tbody><tr><td data-label=\"Nr.\">1<\/td><td class=\"bildzelle crop\"><a href=\"\/wp-content\/uploads\/ErsatzteilMessingbuchse.jpg\"><br><img decoding=\"async\" src=\"\/wp-content\/uploads\/ErsatzteilMessingbuchse.jpg\" alt=\"Douille en laiton\"><br><\/a><\/td><td data-label=\"Bezeichnung\">Douille en laiton<\/td><td data-label=\"Best.-Nr.\">414<\/td><td data-label=\"Preis\">18,00 \u20ac<\/td><\/tr><tr><td data-label=\"Nr.\">2<\/td><td class=\"bildzelle crop\"><a href=\"\/wp-content\/uploads\/ErsatzteilFeder.jpg\"><br><img decoding=\"async\" src=\"\/wp-content\/uploads\/ErsatzteilFeder.jpg\" alt=\"Ressort de traction\"><br><\/a><\/td><td data-label=\"Bezeichnung\">Ressort de traction<\/td><td data-label=\"Best.-Nr.\">401<\/td><td data-label=\"Preis\">6,00 \u20ac<\/td><\/tr><tr><td data-label=\"Nr.\">&#8211;<\/td><td class=\"bildzelle crop\"><a href=\"\/wp-content\/uploads\/ErsatzteilDrehgelenkMessing.jpg\"><br><img decoding=\"async\" src=\"\/wp-content\/uploads\/ErsatzteilDrehgelenkMessing.jpg\" alt=\"Joint tournant \u00e0 rouleau en laiton\"><br><\/a><\/td><td data-label=\"Bezeichnung\">Joint tournant \u00e0 rouleau en laiton<\/td><td data-label=\"Best.-Nr.\">405<\/td><td data-label=\"Preis\">9,50 \u20ac<\/td><\/tr><tr><td data-label=\"Nr.\">3<\/td><td class=\"bildzelle crop\"><a href=\"\/wp-content\/uploads\/ErsatzteilGummipuffer.jpg\"><br><img decoding=\"async\" src=\"\/wp-content\/uploads\/ErsatzteilGummipuffer.jpg\" alt=\"Tampon en caoutchouc\"><br><\/a><\/td><td data-label=\"Bezeichnung\">Tampon en caoutchouc<\/td><td data-label=\"Best.-Nr.\">402<\/td><td data-label=\"Preis\">6,00 \u20ac<\/td><\/tr><tr><td data-label=\"Nr.\">4<\/td><td class=\"bildzelle\">\u2013<\/td><td data-label=\"Bezeichnung\">Douille en plastique (pour but\u00e9e)<\/td><td data-label=\"Best.-Nr.\">403<\/td><td data-label=\"Preis\">1,10 \u20ac<\/td><\/tr><tr><td data-label=\"Nr.\">&#8211;<\/td><td class=\"bildzelle crop\"><a href=\"\/wp-content\/uploads\/ErsatzteilSchmiernippel.jpg\"><br><img decoding=\"async\" src=\"\/wp-content\/uploads\/ErsatzteilSchmiernippel.jpg\" alt=\"Graisseur\"><br><\/a><\/td><td data-label=\"Bezeichnung\">Graisseur<\/td><td data-label=\"Best.-Nr.\">426<\/td><td data-label=\"Preis\">0,30 \u20ac<\/td><\/tr><tr><td data-label=\"Nr.\">&#8211;<\/td><td class=\"bildzelle crop\"><a href=\"\/wp-content\/uploads\/ErsatzteilAnschlagbolzen.jpg\"><br><img decoding=\"async\" src=\"\/wp-content\/uploads\/ErsatzteilAnschlagbolzen.jpg\" alt=\"Boulon de but\u00e9e\"><br><\/a><\/td><td data-label=\"Bezeichnung\">Boulon de but\u00e9e (avec douille en plastique)<\/td><td data-label=\"Best.-Nr.\">422<\/td><td data-label=\"Preis\">3,20 \u20ac<\/td><\/tr><tr><td data-label=\"Nr.\">6<\/td><td class=\"bildzelle crop\"><a href=\"\/wp-content\/uploads\/ErsatzteilNirostawelle.jpg\"><br><img decoding=\"async\" src=\"\/wp-content\/uploads\/ErsatzteilNirostawelle.jpg\" alt=\"Arbre en acier inoxydable\"><br><\/a><\/td><td data-label=\"Bezeichnung\">Arbre en acier inoxydable (avec 2\u00d7M16)<\/td><td data-label=\"Best.-Nr.\">417<\/td><td data-label=\"Preis\">18,00 \u20ac<\/td><\/tr><tr><td data-label=\"Nr.\">7<\/td><td class=\"bildzelle crop\"><a href=\"\/wp-content\/uploads\/ErsatzteilUnterlegscheiben.jpg\"><br><img decoding=\"async\" src=\"\/wp-content\/uploads\/ErsatzteilUnterlegscheiben.jpg\" alt=\"Rondelles en plastique\"><br><\/a><\/td><td data-label=\"Bezeichnung\">Rondelle en plastique (1,5 mm) \/ Rondelle en polyamide (3,0 mm) \/ Rondelle blanche<\/td><td data-label=\"Best.-Nr.\">411 \/ 410<\/td><td data-label=\"Preis\">1,10 \u20ac \/ 0,90 \u20ac<\/td><\/tr><tr><td data-label=\"Nr.\">8<\/td><td class=\"bildzelle crop\"><a href=\"\/wp-content\/uploads\/ErsatzteilUmlenkblech.jpg\"><br><img decoding=\"async\" src=\"\/wp-content\/uploads\/ErsatzteilUmlenkblech.jpg\" alt=\"T\u00f4le de d\u00e9viation\"><br><\/a><\/td><td data-label=\"Bezeichnung\">T\u00f4le de d\u00e9viation<\/td><td data-label=\"Best.-Nr.\">430<\/td><td data-label=\"Preis\">65,00 \u20ac<\/td><\/tr><tr><td data-label=\"Nr.\">9<\/td><td class=\"bildzelle crop\"><a href=\"\/wp-content\/uploads\/ErsatzteilSpannhuelse.jpg\"><br><img decoding=\"async\" src=\"\/wp-content\/uploads\/ErsatzteilSpannhuelse.jpg\" alt=\"Douille de serrage\"><br><\/a><\/td><td data-label=\"Bezeichnung\">Douille de serrage<\/td><td data-label=\"Best.-Nr.\">424<\/td><td data-label=\"Preis\">0,60 \u20ac<\/td><\/tr><tr><td data-label=\"Nr.\">10<\/td><td class=\"bildzelle crop\"><a href=\"\/wp-content\/uploads\/ErsatzteilUmschalthebel.jpg\"><br><img decoding=\"async\" src=\"\/wp-content\/uploads\/ErsatzteilUmschalthebel.jpg\" alt=\"Levier de commutation\"><br><\/a><\/td><td data-label=\"Bezeichnung\">Levier de commutation<\/td><td data-label=\"Best.-Nr.\">432<\/td><td data-label=\"Preis\">30,00 \u20ac<\/td><\/tr><\/tbody><\/table><h2>Pi\u00e8ces de rechange : Kits de r\u00e9paration<\/h2><table class=\"produkt-tabelle-ersatzteile\"><thead><tr><th>Image<\/th><th>D\u00e9signation<\/th><th>N\u00b0 de commande<\/th><th>Prix<\/th><\/tr><\/thead><tbody><tr><td class=\"bildzelle crop\">\n  <a href=\"\/wp-content\/uploads\/ErsatzteileReparatursatzStandard.jpg\">\n    <br>\n      <img decoding=\"async\" src=\"\/wp-content\/uploads\/ErsatzteileReparatursatzStandard.jpg\" alt=\"Kit de r\u00e9paration STANDARD\">\n      <br>\n    \n    <\/a><\/td><td data-label=\"Bezeichnung\">Kit de r\u00e9paration distributeur oscillant <strong>STANDARD<\/strong> (pi\u00e8ces les plus n\u00e9cessaires)<\/td>\n    <td data-label=\"Best.-Nr.\">440<\/td>\n    <td data-label=\"Preis\">39,00 \u20ac<\/td>\n  \n<\/tr><tr><td class=\"bildzelle crop\">\n  <a href=\"\/wp-content\/uploads\/ErsatzteileReparatursatzKomplett.jpg\">\n    <br>\n      <img decoding=\"async\" src=\"\/wp-content\/uploads\/ErsatzteileReparatursatzKomplett.jpg\" alt=\"Kit de r\u00e9paration COMPLET\">\n      <br>\n    \n    <\/a><\/td><td data-label=\"Bezeichnung\">Kit de r\u00e9paration distributeur oscillant <strong>COMPLET<\/strong> (toutes les pi\u00e8ces d&rsquo;usure)<\/td>\n    <td data-label=\"Best.-Nr.\">441<\/td>\n    <td data-label=\"Preis\">150,00 \u20ac<\/td>\n  \n<\/tr><\/tbody><\/table>\t\t\t\t\t\t\t\t<\/div>\n\t\t\t\t<\/div>\n\t\t\t\t<\/div>\n\t\t\t\t\t<\/div>\n\t\t\t\t<\/div>\n\t\t\t\t<\/div>\n\t\t","protected":false},"excerpt":{"rendered":"<p>Pi\u00e8ces de rechange pour distributeur oscillant M\u00d6SCHA Commande de pi\u00e8ces de rechange Mode d&#8217;emploi Demande \/ Contact N\u00b0 Image D\u00e9signation N\u00b0 de commande Prix 1 Douille en laiton 414 18,00 \u20ac 2 Ressort de traction 401 6,00 \u20ac &#8211; Joint tournant \u00e0 rouleau en laiton 405 9,50 \u20ac 3 Tampon en caoutchouc 402 6,00 \u20ac [&hellip;]<\/p>\n","protected":false},"author":1,"featured_media":0,"parent":0,"menu_order":0,"comment_status":"closed","ping_status":"closed","template":"","meta":{"_acf_changed":false,"footnotes":""},"class_list":["post-3040","page","type-page","status-publish","hentry"],"acf":[],"_links":{"self":[{"href":"https:\/\/www.moescha.de\/fr\/wp-json\/wp\/v2\/pages\/3040","targetHints":{"allow":["GET"]}}],"collection":[{"href":"https:\/\/www.moescha.de\/fr\/wp-json\/wp\/v2\/pages"}],"about":[{"href":"https:\/\/www.moescha.de\/fr\/wp-json\/wp\/v2\/types\/page"}],"author":[{"embeddable":true,"href":"https:\/\/www.moescha.de\/fr\/wp-json\/wp\/v2\/users\/1"}],"replies":[{"embeddable":true,"href":"https:\/\/www.moescha.de\/fr\/wp-json\/wp\/v2\/comments?post=3040"}],"version-history":[{"count":0,"href":"https:\/\/www.moescha.de\/fr\/wp-json\/wp\/v2\/pages\/3040\/revisions"}],"wp:attachment":[{"href":"https:\/\/www.moescha.de\/fr\/wp-json\/wp\/v2\/media?parent=3040"}],"curies":[{"name":"wp","href":"https:\/\/api.w.org\/{rel}","templated":true}]}}